{"id":36908,"date":"2021-06-14T10:47:32","date_gmt":"2021-06-14T10:47:32","guid":{"rendered":"https:\/\/www.byevisa.com\/?page_id=36908"},"modified":"2021-06-14T10:47:38","modified_gmt":"2021-06-14T10:47:38","slug":"contacta-con-nosotros","status":"publish","type":"page","link":"https:\/\/www.byevisa.com\/es\/contacta-con-nosotros\/","title":{"rendered":"Contacta con nosotros"},"content":{"rendered":"<p>[vc_row][vc_column][vc_column_text]<\/p>\n<p style=\"font-size: 1.5em; text-align: center;\">Estamos aqu\u00ed para ayudarte con tus necesidades para solicitar tu e-Visa<\/p>\n<p style=\"text-align: center;\">\u00bfTienes alguna pregunta? \u00a1Escr\u00edbenos!<\/p>\n<p>[\/vc_column_text][\/vc_column][\/vc_row][vc_row][vc_column width=\u00bb1\/4&#8243;][\/vc_column][vc_column width=\u00bb1\/2&#8243;]<div role=\"form\" class=\"wpcf7\" id=\"wpcf7-f37058-o1\" lang=\"es-ES\" dir=\"ltr\">\n<div class=\"screen-reader-response\"><p role=\"status\" aria-live=\"polite\" aria-atomic=\"true\"><\/p> <ul><\/ul><\/div>\n<form action=\"\/es\/wp-json\/wp\/v2\/pages\/36908#wpcf7-f37058-o1\" method=\"post\" class=\"wpcf7-form init\" novalidate=\"novalidate\" data-status=\"init\">\n<div style=\"display: none;\">\n<input type=\"hidden\" name=\"_wpcf7\" value=\"37058\" \/>\n<input type=\"hidden\" name=\"_wpcf7_version\" value=\"5.5.6\" \/>\n<input type=\"hidden\" name=\"_wpcf7_locale\" value=\"es_ES\" \/>\n<input type=\"hidden\" name=\"_wpcf7_unit_tag\" value=\"wpcf7-f37058-o1\" \/>\n<input type=\"hidden\" name=\"_wpcf7_container_post\" value=\"0\" \/>\n<input type=\"hidden\" name=\"_wpcf7_posted_data_hash\" value=\"\" \/>\n<\/div>\n<div id=\"byevisa-contact-form\">\n<div class=\"row\">\n<div class=\"col-md-6\">\n<label> Nombre:<br \/>\n    <span class=\"wpcf7-form-control-wrap your-name\"><input type=\"text\" name=\"your-name\" value=\"\" size=\"40\" class=\"wpcf7-form-control wpcf7-text wpcf7-validates-as-required\" aria-required=\"true\" aria-invalid=\"false\" \/><\/span> <\/label>\n<\/div>\n<div class=\"col-md-6\">\n<label> Email:<br \/>\n    <span class=\"wpcf7-form-control-wrap your-email\"><input type=\"email\" name=\"your-email\" value=\"\" size=\"40\" class=\"wpcf7-form-control wpcf7-text wpcf7-email wpcf7-validates-as-required wpcf7-validates-as-email\" aria-required=\"true\" aria-invalid=\"false\" \/><\/span> <\/label>\n<\/div>\n<div class=\"col-md-12\">&nbsp;<\/div>\n<div class=\"col-md-12\">\n<label> Asunto:<br \/>\n    <span class=\"wpcf7-form-control-wrap subject\"><select name=\"subject\" class=\"wpcf7-form-control wpcf7-select\" aria-invalid=\"false\"><option value=\"Estado de Solicitud\">Estado de Solicitud<\/option><option value=\"Ayuda con mi solicitud\">Ayuda con mi solicitud<\/option><option value=\"Mejoras del sitio web\">Mejoras del sitio web<\/option><option value=\"Problemas de formulario\">Problemas de formulario<\/option><option value=\"Problemas de pago\">Problemas de pago<\/option><option value=\"Solicitud de reembolso\">Solicitud de reembolso<\/option><option value=\"Otros\">Otros<\/option><\/select><\/span> <\/label><\/p>\n<\/div>\n<div class=\"col-md-12\">\n<label> Tu consulta:<br \/>\n    <span class=\"wpcf7-form-control-wrap your-query\"><textarea name=\"your-query\" cols=\"40\" rows=\"10\" class=\"wpcf7-form-control wpcf7-textarea\" aria-invalid=\"false\"><\/textarea><\/span> <\/label><\/p>\n<\/div>\n<div class=\"col-md-12\">\n<input type=\"submit\" value=\"ENVIAR\" class=\"wpcf7-form-control wpcf7-submit\" \/>\n<\/div>\n<\/div>\n<\/div>\n<p style=\"display: none !important;\"><label>&#916;<textarea name=\"_wpcf7_ak_hp_textarea\" cols=\"45\" rows=\"8\" maxlength=\"100\"><\/textarea><\/label><input type=\"hidden\" id=\"ak_js_1\" name=\"_wpcf7_ak_js\" value=\"14\"\/><script>document.getElementById( \"ak_js_1\" ).setAttribute( \"value\", ( new Date() ).getTime() );<\/script><\/p><div class=\"wpcf7-response-output\" aria-hidden=\"true\"><\/div><\/form><\/div>[vc_column_text]<\/p>\n<p class=\"contact-disclaimer\">Tus datos personales ser\u00e1n tratados por MIXMEDIA FORUM SL con la finalidad de atender tu solicitud de informaci\u00f3n, reclamaci\u00f3n o sugerencia, y todas y cada una de las cuestiones que desees remitir a trav\u00e9s de este formulario. Puedes ejercitar todos los derechos que te confieren los art\u00edculos 14 a 22 del Reglamento General de Protecci\u00f3n de Datos 2016\/679 (UE), tal y como se explica en la pol\u00edtica de privacidad. Igualmente, puede consultar informaci\u00f3n adicional sobre Protecci\u00f3n de Datos y la pol\u00edtica de privacidad haciendo clic aqu\u00ed.<\/p>\n<p>[\/vc_column_text][\/vc_column][vc_column width=\u00bb1\/4&#8243;][\/vc_column][\/vc_row]<\/p>\n","protected":false},"excerpt":{"rendered":"<p>[vc_row][vc_column][vc_column_text] Estamos aqu\u00ed para ayudarte con tus necesidades para solicitar tu e-Visa \u00bfTienes alguna pregunta? \u00a1Escr\u00edbenos! [\/vc_column_text][\/vc_column][\/vc_row][vc_row][vc_column width=\u00bb1\/4&#8243;][\/vc_column][vc_column width=\u00bb1\/2&#8243;][vc_column_text] Tus&#8230;<\/p>\n","protected":false},"author":8,"featured_media":0,"parent":0,"menu_order":0,"comment_status":"closed","ping_status":"closed","template":"","meta":[],"yoast_head":"<!-- This site is optimized with the Yoast SEO plugin v18.2 - https:\/\/yoast.com\/wordpress\/plugins\/seo\/ -->\n<title>Contacta con nosotros | Byevisa<\/title>\n<meta name=\"robots\" content=\"index, follow, max-snippet:-1, max-image-preview:large, max-video-preview:-1\" \/>\n<link rel=\"canonical\" href=\"https:\/\/www.byevisa.com\/es\/contacta-con-nosotros\/\" \/>\n<meta property=\"og:locale\" content=\"es_ES\" \/>\n<meta property=\"og:type\" content=\"article\" \/>\n<meta property=\"og:title\" content=\"Contacta con nosotros | Byevisa\" \/>\n<meta property=\"og:description\" content=\"[vc_row][vc_column][vc_column_text] Estamos aqu\u00ed para ayudarte con tus necesidades para solicitar tu e-Visa \u00bfTienes alguna pregunta? \u00a1Escr\u00edbenos! [\/vc_column_text][\/vc_column][\/vc_row][vc_row][vc_column width=\u00bb1\/4&#8243;][\/vc_column][vc_column width=\u00bb1\/2&#8243;][vc_column_text] Tus...\" \/>\n<meta property=\"og:url\" content=\"https:\/\/www.byevisa.com\/es\/contacta-con-nosotros\/\" \/>\n<meta property=\"og:site_name\" content=\"Byevisa\" \/>\n<meta property=\"article:publisher\" content=\"https:\/\/www.facebook.com\/byevisa\" \/>\n<meta property=\"article:modified_time\" content=\"2021-06-14T10:47:38+00:00\" \/>\n<meta name=\"twitter:card\" content=\"summary_large_image\" \/>\n<meta name=\"twitter:label1\" content=\"Tiempo de lectura\" \/>\n\t<meta name=\"twitter:data1\" content=\"1 minuto\" \/>\n<script type=\"application\/ld+json\" class=\"yoast-schema-graph\">{\"@context\":\"https:\/\/schema.org\",\"@graph\":[{\"@type\":\"Organization\",\"@id\":\"https:\/\/www.byevisa.com\/#organization\",\"name\":\"Byevisa\",\"url\":\"https:\/\/www.byevisa.com\/\",\"sameAs\":[\"https:\/\/www.facebook.com\/byevisa\"],\"logo\":{\"@type\":\"ImageObject\",\"@id\":\"https:\/\/www.byevisa.com\/#logo\",\"inLanguage\":\"es\",\"url\":\"https:\/\/byevisawp-fe6d.kxcdn.com\/wp-content\/uploads\/2020\/12\/image-1@3x.png\",\"contentUrl\":\"https:\/\/byevisawp-fe6d.kxcdn.com\/wp-content\/uploads\/2020\/12\/image-1@3x.png\",\"width\":402,\"height\":111,\"caption\":\"Byevisa\"},\"image\":{\"@id\":\"https:\/\/www.byevisa.com\/#logo\"}},{\"@type\":\"WebSite\",\"@id\":\"https:\/\/www.byevisa.com\/#website\",\"url\":\"https:\/\/www.byevisa.com\/\",\"name\":\"Byevisa\",\"description\":\"Byevisa\",\"publisher\":{\"@id\":\"https:\/\/www.byevisa.com\/#organization\"},\"potentialAction\":[{\"@type\":\"SearchAction\",\"target\":{\"@type\":\"EntryPoint\",\"urlTemplate\":\"https:\/\/www.byevisa.com\/?s={search_term_string}\"},\"query-input\":\"required name=search_term_string\"}],\"inLanguage\":\"es\"},{\"@type\":\"WebPage\",\"@id\":\"https:\/\/www.byevisa.com\/es\/contacta-con-nosotros\/#webpage\",\"url\":\"https:\/\/www.byevisa.com\/es\/contacta-con-nosotros\/\",\"name\":\"Contacta con nosotros | Byevisa\",\"isPartOf\":{\"@id\":\"https:\/\/www.byevisa.com\/#website\"},\"datePublished\":\"2021-06-14T10:47:32+00:00\",\"dateModified\":\"2021-06-14T10:47:38+00:00\",\"breadcrumb\":{\"@id\":\"https:\/\/www.byevisa.com\/es\/contacta-con-nosotros\/#breadcrumb\"},\"inLanguage\":\"es\",\"potentialAction\":[{\"@type\":\"ReadAction\",\"target\":[\"https:\/\/www.byevisa.com\/es\/contacta-con-nosotros\/\"]}]},{\"@type\":\"BreadcrumbList\",\"@id\":\"https:\/\/www.byevisa.com\/es\/contacta-con-nosotros\/#breadcrumb\",\"itemListElement\":[{\"@type\":\"ListItem\",\"position\":1,\"name\":\"Byevisa\",\"item\":\"https:\/\/www.byevisa.com\/es\/\"},{\"@type\":\"ListItem\",\"position\":2,\"name\":\"Contacta con nosotros\"}]}]}<\/script>\n<!-- \/ Yoast SEO plugin. -->","yoast_head_json":{"title":"Contacta con nosotros | Byevisa","robots":{"index":"index","follow":"follow","max-snippet":"max-snippet:-1","max-image-preview":"max-image-preview:large","max-video-preview":"max-video-preview:-1"},"canonical":"https:\/\/www.byevisa.com\/es\/contacta-con-nosotros\/","og_locale":"es_ES","og_type":"article","og_title":"Contacta con nosotros | Byevisa","og_description":"[vc_row][vc_column][vc_column_text] Estamos aqu\u00ed para ayudarte con tus necesidades para solicitar tu e-Visa \u00bfTienes alguna pregunta? \u00a1Escr\u00edbenos! [\/vc_column_text][\/vc_column][\/vc_row][vc_row][vc_column width=\u00bb1\/4&#8243;][\/vc_column][vc_column width=\u00bb1\/2&#8243;][vc_column_text] Tus...","og_url":"https:\/\/www.byevisa.com\/es\/contacta-con-nosotros\/","og_site_name":"Byevisa","article_publisher":"https:\/\/www.facebook.com\/byevisa","article_modified_time":"2021-06-14T10:47:38+00:00","twitter_card":"summary_large_image","twitter_misc":{"Tiempo de lectura":"1 minuto"},"schema":{"@context":"https:\/\/schema.org","@graph":[{"@type":"Organization","@id":"https:\/\/www.byevisa.com\/#organization","name":"Byevisa","url":"https:\/\/www.byevisa.com\/","sameAs":["https:\/\/www.facebook.com\/byevisa"],"logo":{"@type":"ImageObject","@id":"https:\/\/www.byevisa.com\/#logo","inLanguage":"es","url":"https:\/\/byevisawp-fe6d.kxcdn.com\/wp-content\/uploads\/2020\/12\/image-1@3x.png","contentUrl":"https:\/\/byevisawp-fe6d.kxcdn.com\/wp-content\/uploads\/2020\/12\/image-1@3x.png","width":402,"height":111,"caption":"Byevisa"},"image":{"@id":"https:\/\/www.byevisa.com\/#logo"}},{"@type":"WebSite","@id":"https:\/\/www.byevisa.com\/#website","url":"https:\/\/www.byevisa.com\/","name":"Byevisa","description":"Byevisa","publisher":{"@id":"https:\/\/www.byevisa.com\/#organization"},"potentialAction":[{"@type":"SearchAction","target":{"@type":"EntryPoint","urlTemplate":"https:\/\/www.byevisa.com\/?s={search_term_string}"},"query-input":"required name=search_term_string"}],"inLanguage":"es"},{"@type":"WebPage","@id":"https:\/\/www.byevisa.com\/es\/contacta-con-nosotros\/#webpage","url":"https:\/\/www.byevisa.com\/es\/contacta-con-nosotros\/","name":"Contacta con nosotros | Byevisa","isPartOf":{"@id":"https:\/\/www.byevisa.com\/#website"},"datePublished":"2021-06-14T10:47:32+00:00","dateModified":"2021-06-14T10:47:38+00:00","breadcrumb":{"@id":"https:\/\/www.byevisa.com\/es\/contacta-con-nosotros\/#breadcrumb"},"inLanguage":"es","potentialAction":[{"@type":"ReadAction","target":["https:\/\/www.byevisa.com\/es\/contacta-con-nosotros\/"]}]},{"@type":"BreadcrumbList","@id":"https:\/\/www.byevisa.com\/es\/contacta-con-nosotros\/#breadcrumb","itemListElement":[{"@type":"ListItem","position":1,"name":"Byevisa","item":"https:\/\/www.byevisa.com\/es\/"},{"@type":"ListItem","position":2,"name":"Contacta con nosotros"}]}]}},"acf":[],"_links":{"self":[{"href":"https:\/\/www.byevisa.com\/es\/wp-json\/wp\/v2\/pages\/36908"}],"collection":[{"href":"https:\/\/www.byevisa.com\/es\/wp-json\/wp\/v2\/pages"}],"about":[{"href":"https:\/\/www.byevisa.com\/es\/wp-json\/wp\/v2\/types\/page"}],"author":[{"embeddable":true,"href":"https:\/\/www.byevisa.com\/es\/wp-json\/wp\/v2\/users\/8"}],"replies":[{"embeddable":true,"href":"https:\/\/www.byevisa.com\/es\/wp-json\/wp\/v2\/comments?post=36908"}],"version-history":[{"count":4,"href":"https:\/\/www.byevisa.com\/es\/wp-json\/wp\/v2\/pages\/36908\/revisions"}],"predecessor-version":[{"id":37059,"href":"https:\/\/www.byevisa.com\/es\/wp-json\/wp\/v2\/pages\/36908\/revisions\/37059"}],"wp:attachment":[{"href":"https:\/\/www.byevisa.com\/es\/wp-json\/wp\/v2\/media?parent=36908"}],"curies":[{"name":"wp","href":"https:\/\/api.w.org\/{rel}","templated":true}]}}