{"id":36912,"date":"2021-06-14T10:47:33","date_gmt":"2021-06-14T10:47:33","guid":{"rendered":"https:\/\/www.byevisa.com\/?page_id=36912"},"modified":"2021-06-14T11:26:07","modified_gmt":"2021-06-14T11:26:07","slug":"sobre-nosotros","status":"publish","type":"page","link":"https:\/\/www.byevisa.com\/es\/sobre-nosotros\/","title":{"rendered":"Sobre nosotros"},"content":{"rendered":"<p>[vc_row full_width=\u00bbstretch_row\u00bb css=\u00bb.vc_custom_1596625166376{padding-top: 30px !important;padding-bottom: 20px !important;}\u00bb][vc_column width=\u00bb1\/2&#8243;][vc_column_text]<\/p>\n<p class=\"byevisa-dark-blue\" style=\"font-weight: 600; font-size: 1.5em;\"><em>Sobre nosotros<\/em><\/p>\n<p>Byevisa es una agencia de visas global especializada en el procesamiento de visas internacionales para m\u00e1s de 50 pa\u00edses. Ayudamos a clientes como t\u00fa durante todo el proceso, desde proporcionar informaci\u00f3n del viaje importante hasta guiarte a trav\u00e9s de la solicitud online de tu visa electr\u00f3nica.<\/p>\n<p>Ofrecemos una atenci\u00f3n integral al cliente con soporte y asistencia disponible las 24 horas del d\u00eda, los 365 d\u00edas del a\u00f1o. Entendemos lo importante que es poder comunicarte con un agente en tu idioma nativo, por eso nuestro equipo de expertos en visas habla 10 idiomas.<\/p>\n<p>Nuestra misi\u00f3n es hacer que la obtenci\u00f3n de tu visa electr\u00f3nica sea simple y sin estr\u00e9s, para que puedas concentrarte en disfrutar de tu viaje. Somos una empresa privada,\u00a0 por lo que no estamos afiliados a ning\u00fan Gobierno.[\/vc_column_text][\/vc_column][vc_column width=\u00bb1\/2&#8243; css=\u00bb.vc_custom_1596625455554{padding-top: 40px !important;}\u00bb][vc_single_image image=\u00bb33824&#8243; img_size=\u00bbfull\u00bb alignment=\u00bbcenter\u00bb][\/vc_column][\/vc_row][vc_row css=\u00bb.vc_custom_1618211627974{margin-top: 20px !important;margin-bottom: -20px !important;}\u00bb][vc_column][vc_column_text]<\/p>\n<p class=\"byevisa-dark-blue\" style=\"font-weight: 600; font-size: 1em; text-align: center;\"><em>Recomendados por<\/em><\/p>\n<div id=\"gtx-trans\" style=\"position: absolute; left: 681px; top: 31px;\">\n<div class=\"gtx-trans-icon\"><\/div>\n<\/div>\n<p>[\/vc_column_text][vc_single_image image=\u00bb34858&#8243; img_size=\u00bbfull\u00bb alignment=\u00bbcenter\u00bb el_class=\u00bbhidden-mobile\u00bb][vc_single_image image=\u00bb34860&#8243; img_size=\u00bbfull\u00bb alignment=\u00bbcenter\u00bb el_class=\u00bbhidden-desktop\u00bb][\/vc_column][\/vc_row][vc_row full_width=\u00bbstretch_row\u00bb css=\u00bb.vc_custom_1596625158102{margin-bottom: 0px !important;padding-top: 20px !important;padding-bottom: 0px !important;background-color: rgba(163,140,118,0.09) !important;*background-color: rgb(163,140,118) !important;}\u00bb][vc_column][vc_row_inner][vc_column_inner][vc_column_text]<\/p>\n<p class=\"byevisa-dark-blue\" style=\"font-weight: 600; font-size: 1.5em;\"><em>\u00bfPor qu\u00e9 elegir Byevisa?<\/em><\/p>\n<div id=\"gtx-trans\" style=\"position: absolute; left: 131px; top: 35px;\">\n<div class=\"gtx-trans-icon\"><\/div>\n<\/div>\n<p>[\/vc_column_text][\/vc_column_inner][\/vc_row_inner][\/vc_column][\/vc_row][vc_row full_width=\u00bbstretch_row\u00bb css=\u00bb.vc_custom_1596622437720{padding-top: 30px !important;padding-bottom: 80px !important;background-color: rgba(163,140,118,0.09) !important;*background-color: rgb(163,140,118) !important;}\u00bb][vc_column width=\u00bb1\/4&#8243; el_class=\u00bbwhy-choose-us-box\u00bb][vc_single_image image=\u00bb33825&#8243; img_size=\u00bbfull\u00bb alignment=\u00bbcenter\u00bb][vc_column_text]<\/p>\n<p style=\"text-align: center;\"><strong>Revisi\u00f3n completa de la solicitud por parte de un equipo de expertos en e-Visas<\/strong><\/p>\n<hr \/>\n<p style=\"text-align: center;\">Tu solicitud se verifica y corrige manualmente antes de ser enviada al Gobierno para su aprobaci\u00f3n.<\/p>\n<p>[\/vc_column_text][\/vc_column][vc_column width=\u00bb1\/4&#8243; el_class=\u00bbwhy-choose-us-box\u00bb][vc_single_image image=\u00bb33827&#8243; img_size=\u00bbfull\u00bb alignment=\u00bbcenter\u00bb][vc_column_text]<\/p>\n<p style=\"text-align: center;\"><strong>Reducci\u00f3n de las posibilidades de rechazo en tu solicitud<\/strong><\/p>\n<hr \/>\n<p style=\"text-align: center;\">Gracias a la revisi\u00f3n realizada por nuestro experimentado equipo de expertos en visas, se aprueba el 95% de las solicitudes presentadas.<\/p>\n<p>[\/vc_column_text][\/vc_column][vc_column width=\u00bb1\/4&#8243; el_class=\u00bbwhy-choose-us-box\u00bb][vc_single_image image=\u00bb33828&#8243; img_size=\u00bbfull\u00bb alignment=\u00bbcenter\u00bb][vc_column_text]<\/p>\n<p style=\"text-align: center;\"><strong>Procesamiento r\u00e1pido y f\u00e1cil para obtener tu visa por correo electr\u00f3nico<\/strong><\/p>\n<hr \/>\n<p style=\"text-align: center;\">Nuestro sencillo formulario online facilita la solicitud en menos de 10 minutos. Recibe tu visa en formato PDF por correo electr\u00f3nico.<\/p>\n<p>[\/vc_column_text][\/vc_column][vc_column width=\u00bb1\/4&#8243; el_class=\u00bbwhy-choose-us-box\u00bb][vc_single_image image=\u00bb33826&#8243; img_size=\u00bbfull\u00bb alignment=\u00bbcenter\u00bb][vc_column_text]<\/p>\n<p style=\"text-align: center;\"><strong>Servicio de atenci\u00f3n al cliente de primer nivel las 24 horas del d\u00eda, los 365 d\u00edas del a\u00f1o<\/strong><\/p>\n<hr \/>\n<p style=\"text-align: center;\">Disfruta de soporte y asistencia personalizados las 24 horas del d\u00eda en 10 idiomas, con un especialista asignado en el procesamiento de visas.<\/p>\n<p>[\/vc_column_text][\/vc_column][\/vc_row][vc_row][vc_column][vc_column_text]<\/p>\n<p class=\"text-center my-5\" style=\"font-size: 1.5em; font-weight: 400; margin-bottom: 40px;\">Ventajas de utilizar nuestro servicio<\/p>\n<table class=\"services-table\">\n<tbody>\n<tr>\n<th>\n<p class=\"text-white\">Beneficios<\/p>\n<\/th>\n<th class=\"checks-col\">\n<p class=\"text-white\">Sitio web del Gobierno<\/p>\n<\/th>\n<th class=\"checks-col\">\n<p class=\"text-white\">Byevisa.com<\/p>\n<\/th>\n<\/tr>\n<tr>\n<td>Formulario de solicitud disponible en l\u00ednea 24\/7\/365.<\/td>\n<td class=\"td-checks\"><img class=\"checks\" src=\"\/\/byevisawp-fe6d.kxcdn.com\/wp-content\/uploads\/2020\/08\/check.png\" alt=\"yes\" \/><\/td>\n<td class=\"td-checks\"><img class=\"checks\" src=\"\/\/byevisawp-fe6d.kxcdn.com\/wp-content\/uploads\/2020\/08\/check.png\" alt=\"yes\" \/><\/td>\n<\/tr>\n<tr>\n<td>Opci\u00f3n de solicitar tu eVisa sin registrarte para crear una cuenta.<\/td>\n<td class=\"td-checks\"><img class=\"checks\" src=\"\/\/byevisawp-fe6d.kxcdn.com\/wp-content\/uploads\/2020\/08\/cross.png\" alt=\"no\" \/><\/td>\n<td class=\"td-checks\"><img class=\"checks\" src=\"\/\/byevisawp-fe6d.kxcdn.com\/wp-content\/uploads\/2020\/08\/check.png\" alt=\"yes\" \/><\/td>\n<\/tr>\n<tr>\n<td>Atenci\u00f3n al cliente cordial proporcionada (24\/7\/365) por expertos en visas en 10 idiomas.<\/td>\n<td class=\"td-checks\"><img class=\"checks\" src=\"\/\/byevisawp-fe6d.kxcdn.com\/wp-content\/uploads\/2020\/08\/cross.png\" alt=\"no\" \/><\/td>\n<td class=\"td-checks\"><img class=\"checks\" src=\"\/\/byevisawp-fe6d.kxcdn.com\/wp-content\/uploads\/2020\/08\/check.png\" alt=\"yes\" \/><\/td>\n<\/tr>\n<tr>\n<td>Revisi\u00f3n manual de tu solicitud para detectar errores antes de procesarla.<\/td>\n<td class=\"td-checks\"><img class=\"checks\" src=\"\/\/byevisawp-fe6d.kxcdn.com\/wp-content\/uploads\/2020\/08\/cross.png\" alt=\"no\" \/><\/td>\n<td class=\"td-checks\"><img class=\"checks\" src=\"\/\/byevisawp-fe6d.kxcdn.com\/wp-content\/uploads\/2020\/08\/check.png\" alt=\"yes\" \/><\/td>\n<\/tr>\n<tr>\n<td>Notificaci\u00f3n en caso de informaci\u00f3n faltante o incorrecta.<\/td>\n<td class=\"td-checks\"><img class=\"checks\" src=\"\/\/byevisawp-fe6d.kxcdn.com\/wp-content\/uploads\/2020\/08\/cross.png\" alt=\"no\" \/><\/td>\n<td class=\"td-checks\"><img class=\"checks\" src=\"\/\/byevisawp-fe6d.kxcdn.com\/wp-content\/uploads\/2020\/08\/check.png\" alt=\"yes\" \/><\/td>\n<\/tr>\n<tr>\n<td>Oportunidad de realizar correcciones sin coste extra.<\/td>\n<td class=\"td-checks\"><img class=\"checks\" src=\"\/\/byevisawp-fe6d.kxcdn.com\/wp-content\/uploads\/2020\/08\/cross.png\" alt=\"no\" \/><\/td>\n<td class=\"td-checks\"><img class=\"checks\" src=\"\/\/byevisawp-fe6d.kxcdn.com\/wp-content\/uploads\/2020\/08\/check.png\" alt=\"yes\" \/><\/td>\n<\/tr>\n<tr>\n<td>Proceso de env\u00edo simplificado.<\/td>\n<td class=\"td-checks\"><img class=\"checks\" src=\"\/\/byevisawp-fe6d.kxcdn.com\/wp-content\/uploads\/2020\/08\/check.png\" alt=\"yes\" \/><\/td>\n<td class=\"td-checks\"><img class=\"checks\" src=\"\/\/byevisawp-fe6d.kxcdn.com\/wp-content\/uploads\/2020\/08\/check.png\" alt=\"yes\" \/><\/td>\n<\/tr>\n<tr>\n<td>e-Visa enviada a tu correo electr\u00f3nico en formato PDF.<\/td>\n<td class=\"td-checks\"><img class=\"checks\" src=\"\/\/byevisawp-fe6d.kxcdn.com\/wp-content\/uploads\/2020\/08\/cross.png\" alt=\"no\" \/><\/td>\n<td class=\"td-checks\"><img class=\"checks\" src=\"\/\/byevisawp-fe6d.kxcdn.com\/wp-content\/uploads\/2020\/08\/check.png\" alt=\"yes\" \/><\/td>\n<\/tr>\n<tr>\n<td>Protecci\u00f3n de la privacidad y\u00a0 de pago 100% segura.<\/td>\n<td class=\"td-checks\"><img class=\"checks\" src=\"\/\/byevisawp-fe6d.kxcdn.com\/wp-content\/uploads\/2020\/08\/cross.png\" alt=\"no\" \/><\/td>\n<td class=\"td-checks\"><img class=\"checks\" src=\"\/\/byevisawp-fe6d.kxcdn.com\/wp-content\/uploads\/2020\/08\/check.png\" alt=\"yes\" \/><\/td>\n<\/tr>\n<tr>\n<td>Posibilidad de recuperar tu e-Visa en caso de p\u00e9rdida.<\/td>\n<td class=\"td-checks\"><img class=\"checks\" src=\"\/\/byevisawp-fe6d.kxcdn.com\/wp-content\/uploads\/2020\/08\/cross.png\" alt=\"no\" \/><\/td>\n<td class=\"td-checks\"><img class=\"checks\" src=\"\/\/byevisawp-fe6d.kxcdn.com\/wp-content\/uploads\/2020\/08\/check.png\" alt=\"yes\" \/><\/td>\n<\/tr>\n<tr>\n<td>Reembolso completo de las tarifas pagadas si se rechaza su autorizaci\u00f3n de viaje.<\/td>\n<td class=\"td-checks\"><img class=\"checks\" src=\"\/\/byevisawp-fe6d.kxcdn.com\/wp-content\/uploads\/2020\/08\/cross.png\" alt=\"no\" \/><\/td>\n<td class=\"td-checks\"><img class=\"checks\" src=\"\/\/byevisawp-fe6d.kxcdn.com\/wp-content\/uploads\/2020\/08\/check.png\" alt=\"yes\" \/><\/td>\n<\/tr>\n<\/tbody>\n<\/table>\n<p>[\/vc_column_text][\/vc_column][\/vc_row][vc_row css=\u00bb.vc_custom_1596625194553{padding-top: 30px !important;}\u00bb][vc_column][vc_column_text]<\/p>\n<p class=\"my-5\" style=\"font-size: 1.5em; font-weight: 400; margin-bottom: 30px;\">Costes y reembolsos<\/p>\n<p class=\"light\">Somos absolutamente transparentes sobre los costes de utilizar nuestro servicio. Cada formulario de solicitud de visa establece claramente tanto las tarifas gubernamentales asociadas como la tarifa de servicio de Byevisa. Estos precios var\u00edan seg\u00fan el destino. Ofrecemos una pol\u00edtica de reembolso del 100% en caso de que la solicitud de visa electr\u00f3nica no haya sido aprobada.<\/p>\n<p>[\/vc_column_text][\/vc_column][\/vc_row]<\/p>\n","protected":false},"excerpt":{"rendered":"<p>[vc_row full_width=\u00bbstretch_row\u00bb css=\u00bb.vc_custom_1596625166376{padding-top: 30px !important;padding-bottom: 20px !important;}\u00bb][vc_column width=\u00bb1\/2&#8243;][vc_column_text] Sobre nosotros Byevisa es una agencia de visas global especializada en el&#8230;<\/p>\n","protected":false},"author":8,"featured_media":0,"parent":0,"menu_order":0,"comment_status":"closed","ping_status":"closed","template":"","meta":[],"yoast_head":"<!-- This site is optimized with the Yoast SEO plugin v18.2 - https:\/\/yoast.com\/wordpress\/plugins\/seo\/ -->\n<title>Sobre nosotros | Byevisa<\/title>\n<meta name=\"robots\" content=\"index, follow, max-snippet:-1, max-image-preview:large, max-video-preview:-1\" \/>\n<link rel=\"canonical\" href=\"https:\/\/www.byevisa.com\/es\/sobre-nosotros\/\" \/>\n<meta property=\"og:locale\" content=\"es_ES\" \/>\n<meta property=\"og:type\" content=\"article\" \/>\n<meta property=\"og:title\" content=\"Sobre nosotros | Byevisa\" \/>\n<meta property=\"og:description\" content=\"[vc_row full_width=\u00bbstretch_row\u00bb css=\u00bb.vc_custom_1596625166376{padding-top: 30px !important;padding-bottom: 20px !important;}\u00bb][vc_column width=\u00bb1\/2&#8243;][vc_column_text] Sobre nosotros Byevisa es una agencia de visas global especializada en el...\" \/>\n<meta property=\"og:url\" content=\"https:\/\/www.byevisa.com\/es\/sobre-nosotros\/\" \/>\n<meta property=\"og:site_name\" content=\"Byevisa\" \/>\n<meta property=\"article:publisher\" content=\"https:\/\/www.facebook.com\/byevisa\" \/>\n<meta property=\"article:modified_time\" content=\"2021-06-14T11:26:07+00:00\" \/>\n<meta property=\"og:image\" content=\"https:\/\/byevisawp-fe6d.kxcdn.com\/wp-content\/uploads\/2020\/08\/check.png\" \/>\n<meta name=\"twitter:card\" content=\"summary_large_image\" \/>\n<meta name=\"twitter:label1\" content=\"Tiempo de lectura\" \/>\n\t<meta name=\"twitter:data1\" content=\"7 minutos\" \/>\n<script type=\"application\/ld+json\" class=\"yoast-schema-graph\">{\"@context\":\"https:\/\/schema.org\",\"@graph\":[{\"@type\":\"Organization\",\"@id\":\"https:\/\/www.byevisa.com\/#organization\",\"name\":\"Byevisa\",\"url\":\"https:\/\/www.byevisa.com\/\",\"sameAs\":[\"https:\/\/www.facebook.com\/byevisa\"],\"logo\":{\"@type\":\"ImageObject\",\"@id\":\"https:\/\/www.byevisa.com\/#logo\",\"inLanguage\":\"es\",\"url\":\"https:\/\/byevisawp-fe6d.kxcdn.com\/wp-content\/uploads\/2020\/12\/image-1@3x.png\",\"contentUrl\":\"https:\/\/byevisawp-fe6d.kxcdn.com\/wp-content\/uploads\/2020\/12\/image-1@3x.png\",\"width\":402,\"height\":111,\"caption\":\"Byevisa\"},\"image\":{\"@id\":\"https:\/\/www.byevisa.com\/#logo\"}},{\"@type\":\"WebSite\",\"@id\":\"https:\/\/www.byevisa.com\/#website\",\"url\":\"https:\/\/www.byevisa.com\/\",\"name\":\"Byevisa\",\"description\":\"Byevisa\",\"publisher\":{\"@id\":\"https:\/\/www.byevisa.com\/#organization\"},\"potentialAction\":[{\"@type\":\"SearchAction\",\"target\":{\"@type\":\"EntryPoint\",\"urlTemplate\":\"https:\/\/www.byevisa.com\/?s={search_term_string}\"},\"query-input\":\"required name=search_term_string\"}],\"inLanguage\":\"es\"},{\"@type\":\"ImageObject\",\"@id\":\"https:\/\/www.byevisa.com\/es\/sobre-nosotros\/#primaryimage\",\"inLanguage\":\"es\",\"url\":\"\/\/byevisawp-fe6d.kxcdn.com\/wp-content\/uploads\/2020\/08\/check.png\",\"contentUrl\":\"\/\/byevisawp-fe6d.kxcdn.com\/wp-content\/uploads\/2020\/08\/check.png\"},{\"@type\":\"WebPage\",\"@id\":\"https:\/\/www.byevisa.com\/es\/sobre-nosotros\/#webpage\",\"url\":\"https:\/\/www.byevisa.com\/es\/sobre-nosotros\/\",\"name\":\"Sobre nosotros | Byevisa\",\"isPartOf\":{\"@id\":\"https:\/\/www.byevisa.com\/#website\"},\"primaryImageOfPage\":{\"@id\":\"https:\/\/www.byevisa.com\/es\/sobre-nosotros\/#primaryimage\"},\"datePublished\":\"2021-06-14T10:47:33+00:00\",\"dateModified\":\"2021-06-14T11:26:07+00:00\",\"breadcrumb\":{\"@id\":\"https:\/\/www.byevisa.com\/es\/sobre-nosotros\/#breadcrumb\"},\"inLanguage\":\"es\",\"potentialAction\":[{\"@type\":\"ReadAction\",\"target\":[\"https:\/\/www.byevisa.com\/es\/sobre-nosotros\/\"]}]},{\"@type\":\"BreadcrumbList\",\"@id\":\"https:\/\/www.byevisa.com\/es\/sobre-nosotros\/#breadcrumb\",\"itemListElement\":[{\"@type\":\"ListItem\",\"position\":1,\"name\":\"Byevisa\",\"item\":\"https:\/\/www.byevisa.com\/es\/\"},{\"@type\":\"ListItem\",\"position\":2,\"name\":\"Sobre nosotros\"}]}]}<\/script>\n<!-- \/ Yoast SEO plugin. -->","yoast_head_json":{"title":"Sobre nosotros | Byevisa","robots":{"index":"index","follow":"follow","max-snippet":"max-snippet:-1","max-image-preview":"max-image-preview:large","max-video-preview":"max-video-preview:-1"},"canonical":"https:\/\/www.byevisa.com\/es\/sobre-nosotros\/","og_locale":"es_ES","og_type":"article","og_title":"Sobre nosotros | Byevisa","og_description":"[vc_row full_width=\u00bbstretch_row\u00bb css=\u00bb.vc_custom_1596625166376{padding-top: 30px !important;padding-bottom: 20px !important;}\u00bb][vc_column width=\u00bb1\/2&#8243;][vc_column_text] Sobre nosotros Byevisa es una agencia de visas global especializada en el...","og_url":"https:\/\/www.byevisa.com\/es\/sobre-nosotros\/","og_site_name":"Byevisa","article_publisher":"https:\/\/www.facebook.com\/byevisa","article_modified_time":"2021-06-14T11:26:07+00:00","og_image":[{"url":"https:\/\/byevisawp-fe6d.kxcdn.com\/wp-content\/uploads\/2020\/08\/check.png"}],"twitter_card":"summary_large_image","twitter_misc":{"Tiempo de lectura":"7 minutos"},"schema":{"@context":"https:\/\/schema.org","@graph":[{"@type":"Organization","@id":"https:\/\/www.byevisa.com\/#organization","name":"Byevisa","url":"https:\/\/www.byevisa.com\/","sameAs":["https:\/\/www.facebook.com\/byevisa"],"logo":{"@type":"ImageObject","@id":"https:\/\/www.byevisa.com\/#logo","inLanguage":"es","url":"https:\/\/byevisawp-fe6d.kxcdn.com\/wp-content\/uploads\/2020\/12\/image-1@3x.png","contentUrl":"https:\/\/byevisawp-fe6d.kxcdn.com\/wp-content\/uploads\/2020\/12\/image-1@3x.png","width":402,"height":111,"caption":"Byevisa"},"image":{"@id":"https:\/\/www.byevisa.com\/#logo"}},{"@type":"WebSite","@id":"https:\/\/www.byevisa.com\/#website","url":"https:\/\/www.byevisa.com\/","name":"Byevisa","description":"Byevisa","publisher":{"@id":"https:\/\/www.byevisa.com\/#organization"},"potentialAction":[{"@type":"SearchAction","target":{"@type":"EntryPoint","urlTemplate":"https:\/\/www.byevisa.com\/?s={search_term_string}"},"query-input":"required name=search_term_string"}],"inLanguage":"es"},{"@type":"ImageObject","@id":"https:\/\/www.byevisa.com\/es\/sobre-nosotros\/#primaryimage","inLanguage":"es","url":"\/\/byevisawp-fe6d.kxcdn.com\/wp-content\/uploads\/2020\/08\/check.png","contentUrl":"\/\/byevisawp-fe6d.kxcdn.com\/wp-content\/uploads\/2020\/08\/check.png"},{"@type":"WebPage","@id":"https:\/\/www.byevisa.com\/es\/sobre-nosotros\/#webpage","url":"https:\/\/www.byevisa.com\/es\/sobre-nosotros\/","name":"Sobre nosotros | Byevisa","isPartOf":{"@id":"https:\/\/www.byevisa.com\/#website"},"primaryImageOfPage":{"@id":"https:\/\/www.byevisa.com\/es\/sobre-nosotros\/#primaryimage"},"datePublished":"2021-06-14T10:47:33+00:00","dateModified":"2021-06-14T11:26:07+00:00","breadcrumb":{"@id":"https:\/\/www.byevisa.com\/es\/sobre-nosotros\/#breadcrumb"},"inLanguage":"es","potentialAction":[{"@type":"ReadAction","target":["https:\/\/www.byevisa.com\/es\/sobre-nosotros\/"]}]},{"@type":"BreadcrumbList","@id":"https:\/\/www.byevisa.com\/es\/sobre-nosotros\/#breadcrumb","itemListElement":[{"@type":"ListItem","position":1,"name":"Byevisa","item":"https:\/\/www.byevisa.com\/es\/"},{"@type":"ListItem","position":2,"name":"Sobre nosotros"}]}]}},"acf":[],"_links":{"self":[{"href":"https:\/\/www.byevisa.com\/es\/wp-json\/wp\/v2\/pages\/36912"}],"collection":[{"href":"https:\/\/www.byevisa.com\/es\/wp-json\/wp\/v2\/pages"}],"about":[{"href":"https:\/\/www.byevisa.com\/es\/wp-json\/wp\/v2\/types\/page"}],"author":[{"embeddable":true,"href":"https:\/\/www.byevisa.com\/es\/wp-json\/wp\/v2\/users\/8"}],"replies":[{"embeddable":true,"href":"https:\/\/www.byevisa.com\/es\/wp-json\/wp\/v2\/comments?post=36912"}],"version-history":[{"count":7,"href":"https:\/\/www.byevisa.com\/es\/wp-json\/wp\/v2\/pages\/36912\/revisions"}],"predecessor-version":[{"id":37162,"href":"https:\/\/www.byevisa.com\/es\/wp-json\/wp\/v2\/pages\/36912\/revisions\/37162"}],"wp:attachment":[{"href":"https:\/\/www.byevisa.com\/es\/wp-json\/wp\/v2\/media?parent=36912"}],"curies":[{"name":"wp","href":"https:\/\/api.w.org\/{rel}","templated":true}]}}